{"id":9275,"date":"2024-05-09T18:10:14","date_gmt":"2024-05-09T16:10:14","guid":{"rendered":"https:\/\/zampell.dk\/anchoring\/"},"modified":"2024-08-12T10:36:05","modified_gmt":"2024-08-12T08:36:05","slug":"anchoring","status":"publish","type":"page","link":"https:\/\/zampell.dk\/en\/anchoring\/","title":{"rendered":"Anchoring"},"content":{"rendered":"\t\t<div data-elementor-type=\"wp-page\" data-elementor-id=\"9275\" class=\"elementor elementor-9275 elementor-8750\" data-elementor-post-type=\"page\">\n\t\t\t\t<div class=\"elementor-element elementor-element-465836bc e-con-full e-flex e-con e-parent\" data-id=\"465836bc\" data-element_type=\"container\" data-e-type=\"container\">\n\t\t\t\t<div class=\"elementor-element elementor-element-7057b68c elementor-widget elementor-widget-shortcode\" data-id=\"7057b68c\" data-element_type=\"widget\" data-e-type=\"widget\" data-widget_type=\"shortcode.default\">\n\t\t\t\t<div class=\"elementor-widget-container\">\n\t\t\t\t\t\t\t<div class=\"elementor-shortcode\">\t\t<div data-elementor-type=\"page\" data-elementor-id=\"9188\" class=\"elementor elementor-9188\" data-elementor-post-type=\"elementor_library\">\n\t\t\t\t<div class=\"elementor-element elementor-element-46307a8 white e-flex e-con-boxed e-con e-parent\" data-id=\"46307a8\" data-element_type=\"container\" data-e-type=\"container\" data-settings=\"{&quot;background_background&quot;:&quot;classic&quot;}\">\n\t\t\t\t\t<div class=\"e-con-inner\">\n\t\t\t\t<div class=\"elementor-element elementor-element-e5a7c59 elementor-icon-list--layout-inline elementor-align-center elementor-list-item-link-full_width elementor-widget elementor-widget-icon-list\" data-id=\"e5a7c59\" data-element_type=\"widget\" data-e-type=\"widget\" data-widget_type=\"icon-list.default\">\n\t\t\t\t<div class=\"elementor-widget-container\">\n\t\t\t\t\t\t\t<ul class=\"elementor-icon-list-items elementor-inline-items\">\n\t\t\t\t\t\t\t<li class=\"elementor-icon-list-item elementor-inline-item\">\n\t\t\t\t\t\t\t\t\t\t\t<a href=\"tel:004597172410\">\n\n\t\t\t\t\t\t\t\t\t\t\t<span class=\"elementor-icon-list-text\">(+45) 97 17 24 10<\/span>\n\t\t\t\t\t\t\t\t\t\t\t<\/a>\n\t\t\t\t\t\t\t\t\t<\/li>\n\t\t\t\t\t\t\t\t<li class=\"elementor-icon-list-item elementor-inline-item\">\n\t\t\t\t\t\t\t\t\t\t\t<a href=\"mailto:mail@zampell.dk\">\n\n\t\t\t\t\t\t\t\t\t\t\t<span class=\"elementor-icon-list-text\">mail@zampell.dk<\/span>\n\t\t\t\t\t\t\t\t\t\t\t<\/a>\n\t\t\t\t\t\t\t\t\t<\/li>\n\t\t\t\t\t\t<\/ul>\n\t\t\t\t\t\t<\/div>\n\t\t\t\t<\/div>\n\t\t\t\t\t<\/div>\n\t\t\t\t<\/div>\n\t\t\t\t<\/div>\n\t\t<\/div>\n\t\t\t\t\t\t<\/div>\n\t\t\t\t<\/div>\n\t\t\t\t<\/div>\n\t\t<div class=\"elementor-element elementor-element-7ed34b18 e-flex e-con-boxed e-con e-parent\" data-id=\"7ed34b18\" data-element_type=\"container\" data-e-type=\"container\">\n\t\t\t\t\t<div class=\"e-con-inner\">\n\t\t<div class=\"elementor-element elementor-element-3671f1f0 e-con-full e-flex e-con e-child\" data-id=\"3671f1f0\" data-element_type=\"container\" data-e-type=\"container\">\n\t\t\t\t<div class=\"elementor-element elementor-element-236cb980 elementor-widget elementor-widget-text-editor\" data-id=\"236cb980\" data-element_type=\"widget\" data-e-type=\"widget\" data-widget_type=\"text-editor.default\">\n\t\t\t\t<div class=\"elementor-widget-container\">\n\t\t\t\t\t\t\t\t\t<h2>Anchoring<\/h2>\n\t\t\t\t\t\t\t\t<\/div>\n\t\t\t\t<\/div>\n\t\t\t\t<div class=\"elementor-element elementor-element-25bb7267 elementor-widget-divider--view-line elementor-widget elementor-widget-divider\" data-id=\"25bb7267\" data-element_type=\"widget\" data-e-type=\"widget\" data-widget_type=\"divider.default\">\n\t\t\t\t<div class=\"elementor-widget-container\">\n\t\t\t\t\t\t\t<div class=\"elementor-divider\">\n\t\t\t<span class=\"elementor-divider-separator\">\n\t\t\t\t\t\t<\/span>\n\t\t<\/div>\n\t\t\t\t\t\t<\/div>\n\t\t\t\t<\/div>\n\t\t\t\t<\/div>\n\t\t<div class=\"elementor-element elementor-element-1eda0729 e-con-full e-flex e-con e-child\" data-id=\"1eda0729\" data-element_type=\"container\" data-e-type=\"container\">\n\t\t\t\t<div class=\"elementor-element elementor-element-6cb6546e elementor-widget elementor-widget-text-editor\" data-id=\"6cb6546e\" data-element_type=\"widget\" data-e-type=\"widget\" data-widget_type=\"text-editor.default\">\n\t\t\t\t<div class=\"elementor-widget-container\">\n\t\t\t\t\t\t\t\t\t<p>Zampell benytter en bred vifte af forskellige ankre af h\u00f8j-temperatur st\u00e5l til installation af alle typer isolering, sten og ildfaste masser. Vi har et stort lager af ankre i alle st\u00f8rrelser og flere st\u00e5lkvaliteter.<\/p>\n<p>Til visse installationer kan tils\u00e6tningen af h\u00f8j-temperatur st\u00e5lfibre til st\u00f8bningen give ekstra styrke og modstand mod temperatursvingninger og slid. St\u00e5lfibrene danner et finmasket net i st\u00f8bningen og kan bidrage til mindskning af revner. Vi r\u00e5dgiver gerne om brugen af st\u00e5lfibre, da det ikke er i alle milj\u00f8er fibrene kan anvendes.<\/p>\n\t\t\t\t\t\t\t\t<\/div>\n\t\t\t\t<\/div>\n\t\t\t\t<div class=\"elementor-element elementor-element-c72f903 elementor-widget elementor-widget-gallery\" data-id=\"c72f903\" data-element_type=\"widget\" data-e-type=\"widget\" data-settings=\"{&quot;gap&quot;:{&quot;unit&quot;:&quot;px&quot;,&quot;size&quot;:30,&quot;sizes&quot;:[]},&quot;aspect_ratio&quot;:&quot;1:1&quot;,&quot;columns_tablet&quot;:3,&quot;columns_mobile&quot;:2,&quot;gap_tablet&quot;:{&quot;unit&quot;:&quot;px&quot;,&quot;size&quot;:15,&quot;sizes&quot;:[]},&quot;gap_mobile&quot;:{&quot;unit&quot;:&quot;px&quot;,&quot;size&quot;:15,&quot;sizes&quot;:[]},&quot;columns&quot;:2,&quot;lazyload&quot;:&quot;yes&quot;,&quot;gallery_layout&quot;:&quot;grid&quot;,&quot;gap_laptop&quot;:{&quot;unit&quot;:&quot;px&quot;,&quot;size&quot;:10,&quot;sizes&quot;:[]},&quot;link_to&quot;:&quot;file&quot;,&quot;content_hover_animation&quot;:&quot;fade-in&quot;}\" data-widget_type=\"gallery.default\">\n\t\t\t\t<div class=\"elementor-widget-container\">\n\t\t\t\t\t\t\t<div class=\"elementor-gallery__container\">\n\t\t\t\t\t\t\t<a class=\"e-gallery-item elementor-gallery-item elementor-animated-content\" href=\"https:\/\/zampell.dk\/wp-content\/uploads\/2021\/05\/Staalankre-2-min-scaled-1.jpg\" data-elementor-open-lightbox=\"yes\" data-elementor-lightbox-slideshow=\"c72f903\" data-e-action-hash=\"#elementor-action%3Aaction%3Dlightbox%26settings%3DeyJpZCI6ODkxMiwidXJsIjoiaHR0cHM6XC9cL3phbXBlbGwuZGtcL3dwLWNvbnRlbnRcL3VwbG9hZHNcLzIwMjFcLzA1XC9TdGFhbGFua3JlLTItbWluLXNjYWxlZC0xLmpwZyIsInNsaWRlc2hvdyI6ImM3MmY5MDMifQ%3D%3D\">\n\t\t\t\t\t<div class=\"e-gallery-image elementor-gallery-item__image\" data-thumbnail=\"https:\/\/zampell.dk\/wp-content\/uploads\/2021\/05\/Staalankre-2-min-scaled-1.jpg\" data-width=\"2048\" data-height=\"1536\" aria-label=\"\" role=\"img\" ><\/div>\n\t\t\t\t\t\t\t\t\t\t\t\t\t\t<\/a>\n\t\t\t\t\t\t\t<a class=\"e-gallery-item elementor-gallery-item elementor-animated-content\" href=\"https:\/\/zampell.dk\/wp-content\/uploads\/2021\/05\/Staalfibre-min.png\" data-elementor-open-lightbox=\"yes\" data-elementor-lightbox-slideshow=\"c72f903\" data-e-action-hash=\"#elementor-action%3Aaction%3Dlightbox%26settings%3DeyJpZCI6ODkxMywidXJsIjoiaHR0cHM6XC9cL3phbXBlbGwuZGtcL3dwLWNvbnRlbnRcL3VwbG9hZHNcLzIwMjFcLzA1XC9TdGFhbGZpYnJlLW1pbi5wbmciLCJzbGlkZXNob3ciOiJjNzJmOTAzIn0%3D\">\n\t\t\t\t\t<div class=\"e-gallery-image elementor-gallery-item__image\" data-thumbnail=\"https:\/\/zampell.dk\/wp-content\/uploads\/2021\/05\/Staalfibre-min.png\" data-width=\"850\" data-height=\"450\" aria-label=\"\" role=\"img\" ><\/div>\n\t\t\t\t\t\t\t\t\t\t\t\t\t\t<\/a>\n\t\t\t\t\t<\/div>\n\t\t\t\t\t<\/div>\n\t\t\t\t<\/div>\n\t\t\t\t<\/div>\n\t\t<div class=\"elementor-element elementor-element-2afe92d e-con-full e-flex e-con e-child\" data-id=\"2afe92d\" data-element_type=\"container\" data-e-type=\"container\">\n\t\t\t\t<div class=\"elementor-element elementor-element-36160d90 dark elementor-widget elementor-widget-sidebar\" data-id=\"36160d90\" data-element_type=\"widget\" data-e-type=\"widget\" data-widget_type=\"sidebar.default\">\n\t\t\t\t<div class=\"elementor-widget-container\">\n\t\t\t\t\t<aside id=\"text-12\" class=\"widget-even widget-2 widget inner-padding widget_text\"><h2 class=\"widget-title\">Want to hear more?<\/h2>\t\t\t<div class=\"textwidget\"><p>Fill out the form and we will contact you as soon as possible.<\/p>\n<\/div>\n\t\t<\/aside><aside id=\"forminator_widget-3\" class=\"widget-even widget-last widget-4 widget inner-padding widget_forminator_widget\"><form id=\"forminator-module-9178\" class=\"forminator-custom-form forminator-custom-form-9178\" method=\"post\" data-forminator-render=\"0\" data-uid=\"6a04909b61f18\"><div role=\"alert\" aria-live=\"polite\" class=\"forminator-response-message forminator-error\" aria-hidden=\"true\"><\/div><\/form><\/aside>\t\t\t\t<\/div>\n\t\t\t\t<\/div>\n\t\t\t\t<\/div>\n\t\t\t\t\t<\/div>\n\t\t\t\t<\/div>\n\t\t<div class=\"elementor-element elementor-element-1d8c8f5c e-con-full e-flex e-con e-parent\" data-id=\"1d8c8f5c\" data-element_type=\"container\" data-e-type=\"container\">\n\t\t\t\t<div class=\"elementor-element elementor-element-295ed84b elementor-widget elementor-widget-shortcode\" data-id=\"295ed84b\" data-element_type=\"widget\" data-e-type=\"widget\" data-widget_type=\"shortcode.default\">\n\t\t\t\t<div class=\"elementor-widget-container\">\n\t\t\t\t\t\t\t<div class=\"elementor-shortcode\">\t\t<div data-elementor-type=\"container\" data-elementor-id=\"9221\" class=\"elementor elementor-9221 elementor-5165\" data-elementor-post-type=\"elementor_library\">\n\t\t\t\t<div class=\"elementor-element elementor-element-293089d overlay white e-flex e-con-boxed e-con e-parent\" data-id=\"293089d\" data-element_type=\"container\" data-e-type=\"container\" data-settings=\"{&quot;background_background&quot;:&quot;classic&quot;}\">\n\t\t\t\t\t<div class=\"e-con-inner\">\n\t\t\t\t<div class=\"elementor-element elementor-element-cb9870c elementor-widget__width-initial elementor-widget elementor-widget-text-editor\" data-id=\"cb9870c\" data-element_type=\"widget\" data-e-type=\"widget\" data-widget_type=\"text-editor.default\">\n\t\t\t\t<div class=\"elementor-widget-container\">\n\t\t\t\t\t\t\t\t\t<h3>Contact ZAMPELL A\/S<\/h3>\n<h4>Do you have any questions? Contact us and let&#8217;s have a non-binding chat<\/h4>\n<p>Contact us today regarding materials, repairs or technical advice.<\/p>\n<p>We offer advice, construction, drawing, calculation, material selection and delivery, assembly and service.<\/p>\n<p>Call us on the phone <a href=\"tel:004597172410\">(+45) 97 17 24 10<\/a> or send an email to <a href=\"mailto:mail@zampell.dk\">mail@zampell. dk<\/a>. We will respond to your inquiry as soon as possible.<\/p>\n\t\t\t\t\t\t\t\t<\/div>\n\t\t\t\t<\/div>\n\t\t\t\t<div class=\"elementor-element elementor-element-ffaa54e elementor-align-center cta elementor-widget elementor-widget-button\" data-id=\"ffaa54e\" data-element_type=\"widget\" data-e-type=\"widget\" data-widget_type=\"button.default\">\n\t\t\t\t<div class=\"elementor-widget-container\">\n\t\t\t\t\t\t\t\t\t<div class=\"elementor-button-wrapper\">\n\t\t\t\t\t<a class=\"elementor-button elementor-button-link elementor-size-sm\" href=\"https:\/\/zampell.dk\/kontakt\/\">\n\t\t\t\t\t\t<span class=\"elementor-button-content-wrapper\">\n\t\t\t\t\t\t\t\t\t<span class=\"elementor-button-text\">Contact us today<\/span>\n\t\t\t\t\t<\/span>\n\t\t\t\t\t<\/a>\n\t\t\t\t<\/div>\n\t\t\t\t\t\t\t\t<\/div>\n\t\t\t\t<\/div>\n\t\t\t\t\t<\/div>\n\t\t\t\t<\/div>\n\t\t\t\t<\/div>\n\t\t<\/div>\n\t\t\t\t\t\t<\/div>\n\t\t\t\t<\/div>\n\t\t\t\t<\/div>\n\t\t\t\t<\/div>\n\t\t","protected":false},"excerpt":{"rendered":"<p>Anchoring Zampell benytter en bred vifte af forskellige ankre af h\u00f8j-temperatur st\u00e5l til installation af alle typer isolering, sten og ildfaste masser. Vi har et stort lager af ankre i alle st\u00f8rrelser og flere st\u00e5lkvaliteter. Til visse installationer kan tils\u00e6tningen af h\u00f8j-temperatur st\u00e5lfibre til st\u00f8bningen give ekstra styrke og modstand mod temperatursvingninger og slid. St\u00e5lfibrene &#8230; <a title=\"Anchoring\" class=\"read-more\" href=\"https:\/\/zampell.dk\/en\/anchoring\/\" aria-label=\"Read more about Anchoring\">Read more<\/a><\/p>\n","protected":false},"author":9,"featured_media":8912,"parent":0,"menu_order":1016,"comment_status":"closed","ping_status":"closed","template":"","meta":{"_acf_changed":false,"footnotes":""},"categories":[],"class_list":["post-9275","page","type-page","status-publish","has-post-thumbnail"],"acf":[],"yoast_head":"<!-- This site is optimized with the Yoast SEO plugin v27.5 - https:\/\/yoast.com\/product\/yoast-seo-wordpress\/ -->\n<title>Anchoring | ZAMPELL A\/S<\/title>\n<meta name=\"robots\" content=\"index, follow, max-snippet:-1, max-image-preview:large, max-video-preview:-1\" \/>\n<link rel=\"canonical\" href=\"https:\/\/zampell.dk\/en\/anchoring\/\" \/>\n<meta property=\"og:locale\" content=\"en_US\" \/>\n<meta property=\"og:type\" content=\"article\" \/>\n<meta property=\"og:title\" content=\"Anchoring | ZAMPELL A\/S\" \/>\n<meta property=\"og:description\" content=\"Anchoring Zampell benytter en bred vifte af forskellige ankre af h\u00f8j-temperatur st\u00e5l til installation af alle typer isolering, sten og ildfaste masser. Vi har et stort lager af ankre i alle st\u00f8rrelser og flere st\u00e5lkvaliteter. Til visse installationer kan tils\u00e6tningen af h\u00f8j-temperatur st\u00e5lfibre til st\u00f8bningen give ekstra styrke og modstand mod temperatursvingninger og slid. St\u00e5lfibrene ... Read more\" \/>\n<meta property=\"og:url\" content=\"https:\/\/zampell.dk\/en\/anchoring\/\" \/>\n<meta property=\"og:site_name\" content=\"ZAMPELL A\/S\" \/>\n<meta property=\"article:modified_time\" content=\"2024-08-12T08:36:05+00:00\" \/>\n<meta property=\"og:image\" content=\"https:\/\/zampell.dk\/wp-content\/uploads\/2021\/05\/Staalankre-2-min-scaled-1.jpg\" \/>\n\t<meta property=\"og:image:width\" content=\"2048\" \/>\n\t<meta property=\"og:image:height\" content=\"1536\" \/>\n\t<meta property=\"og:image:type\" content=\"image\/jpeg\" \/>\n<meta name=\"twitter:card\" content=\"summary_large_image\" \/>\n<meta name=\"twitter:label1\" content=\"Est. reading time\" \/>\n\t<meta name=\"twitter:data1\" content=\"1 minute\" \/>\n<script type=\"application\/ld+json\" class=\"yoast-schema-graph\">{\"@context\":\"https:\\\/\\\/schema.org\",\"@graph\":[{\"@type\":\"WebPage\",\"@id\":\"https:\\\/\\\/zampell.dk\\\/en\\\/anchoring\\\/\",\"url\":\"https:\\\/\\\/zampell.dk\\\/en\\\/anchoring\\\/\",\"name\":\"Anchoring | ZAMPELL A\\\/S\",\"isPartOf\":{\"@id\":\"https:\\\/\\\/zampell.dk\\\/en\\\/#website\"},\"primaryImageOfPage\":{\"@id\":\"https:\\\/\\\/zampell.dk\\\/en\\\/anchoring\\\/#primaryimage\"},\"image\":{\"@id\":\"https:\\\/\\\/zampell.dk\\\/en\\\/anchoring\\\/#primaryimage\"},\"thumbnailUrl\":\"https:\\\/\\\/zampell.dk\\\/wp-content\\\/uploads\\\/2021\\\/05\\\/Staalankre-2-min-scaled-1.jpg\",\"datePublished\":\"2024-05-09T16:10:14+00:00\",\"dateModified\":\"2024-08-12T08:36:05+00:00\",\"breadcrumb\":{\"@id\":\"https:\\\/\\\/zampell.dk\\\/en\\\/anchoring\\\/#breadcrumb\"},\"inLanguage\":\"en-US\",\"potentialAction\":[{\"@type\":\"ReadAction\",\"target\":[\"https:\\\/\\\/zampell.dk\\\/en\\\/anchoring\\\/\"]}]},{\"@type\":\"ImageObject\",\"inLanguage\":\"en-US\",\"@id\":\"https:\\\/\\\/zampell.dk\\\/en\\\/anchoring\\\/#primaryimage\",\"url\":\"https:\\\/\\\/zampell.dk\\\/wp-content\\\/uploads\\\/2021\\\/05\\\/Staalankre-2-min-scaled-1.jpg\",\"contentUrl\":\"https:\\\/\\\/zampell.dk\\\/wp-content\\\/uploads\\\/2021\\\/05\\\/Staalankre-2-min-scaled-1.jpg\",\"width\":2048,\"height\":1536},{\"@type\":\"BreadcrumbList\",\"@id\":\"https:\\\/\\\/zampell.dk\\\/en\\\/anchoring\\\/#breadcrumb\",\"itemListElement\":[{\"@type\":\"ListItem\",\"position\":1,\"name\":\"Forside\",\"item\":\"https:\\\/\\\/zampell.dk\\\/en\\\/\"},{\"@type\":\"ListItem\",\"position\":2,\"name\":\"Anchoring\"}]},{\"@type\":\"WebSite\",\"@id\":\"https:\\\/\\\/zampell.dk\\\/en\\\/#website\",\"url\":\"https:\\\/\\\/zampell.dk\\\/en\\\/\",\"name\":\"ZAMPELL A\\\/S\",\"description\":\"Totalleverand\u00f8r af ildfaste l\u00f8sninger\",\"publisher\":{\"@id\":\"https:\\\/\\\/zampell.dk\\\/en\\\/#organization\"},\"potentialAction\":[{\"@type\":\"SearchAction\",\"target\":{\"@type\":\"EntryPoint\",\"urlTemplate\":\"https:\\\/\\\/zampell.dk\\\/en\\\/?s={search_term_string}\"},\"query-input\":{\"@type\":\"PropertyValueSpecification\",\"valueRequired\":true,\"valueName\":\"search_term_string\"}}],\"inLanguage\":\"en-US\"},{\"@type\":\"Organization\",\"@id\":\"https:\\\/\\\/zampell.dk\\\/en\\\/#organization\",\"name\":\"ZAMPELL A\\\/S\",\"url\":\"https:\\\/\\\/zampell.dk\\\/en\\\/\",\"logo\":{\"@type\":\"ImageObject\",\"inLanguage\":\"en-US\",\"@id\":\"https:\\\/\\\/zampell.dk\\\/en\\\/#\\\/schema\\\/logo\\\/image\\\/\",\"url\":\"https:\\\/\\\/zampell.dk\\\/wp-content\\\/uploads\\\/2021\\\/02\\\/logo.png\",\"contentUrl\":\"https:\\\/\\\/zampell.dk\\\/wp-content\\\/uploads\\\/2021\\\/02\\\/logo.png\",\"width\":268,\"height\":118,\"caption\":\"ZAMPELL A\\\/S\"},\"image\":{\"@id\":\"https:\\\/\\\/zampell.dk\\\/en\\\/#\\\/schema\\\/logo\\\/image\\\/\"}}]}<\/script>\n<!-- \/ Yoast SEO plugin. -->","yoast_head_json":{"title":"Anchoring | ZAMPELL A\/S","robots":{"index":"index","follow":"follow","max-snippet":"max-snippet:-1","max-image-preview":"max-image-preview:large","max-video-preview":"max-video-preview:-1"},"canonical":"https:\/\/zampell.dk\/en\/anchoring\/","og_locale":"en_US","og_type":"article","og_title":"Anchoring | ZAMPELL A\/S","og_description":"Anchoring Zampell benytter en bred vifte af forskellige ankre af h\u00f8j-temperatur st\u00e5l til installation af alle typer isolering, sten og ildfaste masser. Vi har et stort lager af ankre i alle st\u00f8rrelser og flere st\u00e5lkvaliteter. Til visse installationer kan tils\u00e6tningen af h\u00f8j-temperatur st\u00e5lfibre til st\u00f8bningen give ekstra styrke og modstand mod temperatursvingninger og slid. St\u00e5lfibrene ... Read more","og_url":"https:\/\/zampell.dk\/en\/anchoring\/","og_site_name":"ZAMPELL A\/S","article_modified_time":"2024-08-12T08:36:05+00:00","og_image":[{"width":2048,"height":1536,"url":"https:\/\/zampell.dk\/wp-content\/uploads\/2021\/05\/Staalankre-2-min-scaled-1.jpg","type":"image\/jpeg"}],"twitter_card":"summary_large_image","twitter_misc":{"Est. reading time":"1 minute"},"schema":{"@context":"https:\/\/schema.org","@graph":[{"@type":"WebPage","@id":"https:\/\/zampell.dk\/en\/anchoring\/","url":"https:\/\/zampell.dk\/en\/anchoring\/","name":"Anchoring | ZAMPELL A\/S","isPartOf":{"@id":"https:\/\/zampell.dk\/en\/#website"},"primaryImageOfPage":{"@id":"https:\/\/zampell.dk\/en\/anchoring\/#primaryimage"},"image":{"@id":"https:\/\/zampell.dk\/en\/anchoring\/#primaryimage"},"thumbnailUrl":"https:\/\/zampell.dk\/wp-content\/uploads\/2021\/05\/Staalankre-2-min-scaled-1.jpg","datePublished":"2024-05-09T16:10:14+00:00","dateModified":"2024-08-12T08:36:05+00:00","breadcrumb":{"@id":"https:\/\/zampell.dk\/en\/anchoring\/#breadcrumb"},"inLanguage":"en-US","potentialAction":[{"@type":"ReadAction","target":["https:\/\/zampell.dk\/en\/anchoring\/"]}]},{"@type":"ImageObject","inLanguage":"en-US","@id":"https:\/\/zampell.dk\/en\/anchoring\/#primaryimage","url":"https:\/\/zampell.dk\/wp-content\/uploads\/2021\/05\/Staalankre-2-min-scaled-1.jpg","contentUrl":"https:\/\/zampell.dk\/wp-content\/uploads\/2021\/05\/Staalankre-2-min-scaled-1.jpg","width":2048,"height":1536},{"@type":"BreadcrumbList","@id":"https:\/\/zampell.dk\/en\/anchoring\/#breadcrumb","itemListElement":[{"@type":"ListItem","position":1,"name":"Forside","item":"https:\/\/zampell.dk\/en\/"},{"@type":"ListItem","position":2,"name":"Anchoring"}]},{"@type":"WebSite","@id":"https:\/\/zampell.dk\/en\/#website","url":"https:\/\/zampell.dk\/en\/","name":"ZAMPELL A\/S","description":"Totalleverand\u00f8r af ildfaste l\u00f8sninger","publisher":{"@id":"https:\/\/zampell.dk\/en\/#organization"},"potentialAction":[{"@type":"SearchAction","target":{"@type":"EntryPoint","urlTemplate":"https:\/\/zampell.dk\/en\/?s={search_term_string}"},"query-input":{"@type":"PropertyValueSpecification","valueRequired":true,"valueName":"search_term_string"}}],"inLanguage":"en-US"},{"@type":"Organization","@id":"https:\/\/zampell.dk\/en\/#organization","name":"ZAMPELL A\/S","url":"https:\/\/zampell.dk\/en\/","logo":{"@type":"ImageObject","inLanguage":"en-US","@id":"https:\/\/zampell.dk\/en\/#\/schema\/logo\/image\/","url":"https:\/\/zampell.dk\/wp-content\/uploads\/2021\/02\/logo.png","contentUrl":"https:\/\/zampell.dk\/wp-content\/uploads\/2021\/02\/logo.png","width":268,"height":118,"caption":"ZAMPELL A\/S"},"image":{"@id":"https:\/\/zampell.dk\/en\/#\/schema\/logo\/image\/"}}]}},"_links":{"self":[{"href":"https:\/\/zampell.dk\/en\/wp-json\/wp\/v2\/pages\/9275","targetHints":{"allow":["GET"]}}],"collection":[{"href":"https:\/\/zampell.dk\/en\/wp-json\/wp\/v2\/pages"}],"about":[{"href":"https:\/\/zampell.dk\/en\/wp-json\/wp\/v2\/types\/page"}],"author":[{"embeddable":true,"href":"https:\/\/zampell.dk\/en\/wp-json\/wp\/v2\/users\/9"}],"replies":[{"embeddable":true,"href":"https:\/\/zampell.dk\/en\/wp-json\/wp\/v2\/comments?post=9275"}],"version-history":[{"count":1,"href":"https:\/\/zampell.dk\/en\/wp-json\/wp\/v2\/pages\/9275\/revisions"}],"predecessor-version":[{"id":9276,"href":"https:\/\/zampell.dk\/en\/wp-json\/wp\/v2\/pages\/9275\/revisions\/9276"}],"wp:featuredmedia":[{"embeddable":true,"href":"https:\/\/zampell.dk\/en\/wp-json\/wp\/v2\/media\/8912"}],"wp:attachment":[{"href":"https:\/\/zampell.dk\/en\/wp-json\/wp\/v2\/media?parent=9275"}],"wp:term":[{"taxonomy":"category","embeddable":true,"href":"https:\/\/zampell.dk\/en\/wp-json\/wp\/v2\/categories?post=9275"}],"curies":[{"name":"wp","href":"https:\/\/api.w.org\/{rel}","templated":true}]}}